{"id":287,"date":"2020-09-01T18:51:53","date_gmt":"2020-09-01T18:51:53","guid":{"rendered":"https:\/\/isis.agencia-imagine.com\/?page_id=287"},"modified":"2021-01-22T15:13:06","modified_gmt":"2021-01-22T15:13:06","slug":"politica-de-privacidad","status":"publish","type":"page","link":"https:\/\/motoselviras.com\/?page_id=287","title":{"rendered":"Pol\u00edtica de Privacidad"},"content":{"rendered":"\n  <div id=\"page-header-534645234\" class=\"page-header-wrapper\">\n  <div class=\"page-title dark featured-title\">\n\n    \n    <div class=\"page-title-inner container align-center flex-row medium-flex-wrap\" >\n              <div class=\"title-wrapper flex-col text-left medium-text-center\">\n          <h1 class=\"entry-title mb-0\">\n            Pol\u00edtica de Privacidad          <\/h1>\n        <\/div>\n                    <div class=\"title-content flex-col flex-right text-right medium-text-center\">\n        <div class=\"title-breadcrumbs pb-half pt-half\"><\/div>      <\/div>\n    <\/div>\n\n       <\/div>\n    <\/div>\n  \n\n<div class=\"row row-large\"  id=\"row-1164107534\">\n\n\n\t<div id=\"col-912568769\" class=\"col small-12 large-12\"  >\n\t\t<div class=\"col-inner\"  >\n\t\t\t\n\t\t\t\n\n<div class=\"row\">\n<div class=\"col s12\">\n<article id=\"content\">\n<div class=\"row\">\n<div class=\"col s12\">\n<article id=\"content\"><header>\n<h2><b>POL\u00cdTICA DE PRIVACIDAD- RGPD 679\/2016<\/b><\/h2>\n<p>\u00a0<\/p>\n<p><span style=\"font-weight: 400;\">A efectos de lo previsto en la Ley Org\u00e1nica de Protecci\u00f3n de Datos 15\/1999, de 13 de Diciembre, de Protecci\u00f3n de Datos de Car\u00e1cter Personal, le informamos que los datos personales que Usted nos proporciona son incorporados a un tratamiento de datos personales denominado CLIENTES, PROVEEDORES Y CONTACTOS cuyo responsable es<\/span><\/p>\n<p>\u00a0<\/p>\n<p><span style=\"color: #000000;\"><b>Motos Elviras<\/b><\/span><\/p>\n<p><span style=\"font-weight: 400; color: #000000;\">Mar\u00eda Jos\u00e9 Elvira Garc\u00eda<\/span><\/p>\n<p><span style=\"font-weight: 400; color: #000000;\">NIF: 48.365.962-K<\/span><\/p>\n<p><span style=\"font-weight: 400; color: #000000;\">Carrer Vicente Blasco Ib\u00e1\u00f1ez, 104,<\/span><\/p>\n<p><span style=\"font-weight: 400; color: #000000;\">03201 Elx, Alicante<\/span><\/p>\n<p><span style=\"color: #000000;\"><a style=\"color: #000000;\" href=\"mailto:info@motoselviras.com\"><span style=\"font-weight: 400;\">info@motoselviras.com<\/span><\/a><\/span><\/p>\n<p><span style=\"font-weight: 400; color: #000000;\">Finalidad: Tienda Online de Venta de Articulos y Accesorios para Motos y Coches sin Carnet<\/span><\/p>\n<p>\u00a0<\/p>\n<p><span style=\"font-weight: 400;\">El plazo de conservaci\u00f3n ser\u00e1 indefinido para los clientes activos, y de 6 a\u00f1os para clientes potenciales o no activos. La finalidad es la de realizar las gestiones comerciales y administrativas necesarias en la relaci\u00f3n con los clientes. El usuario garantiza la veracidad de los datos aportados y se compromete a comunicar cualquier cambio que se produzca en los mismos. El env\u00edo de datos de car\u00e1cter personal es obligatorio para contactar, recibir informaci\u00f3n y concertar venta de los productos y servicios de la empresa. El no facilitar los datos personales solicitados o el no aceptar la pol\u00edtica de protecci\u00f3n de datos supone la imposibilidad de suscribirse, registrarse, recibir informaci\u00f3n \u00f3 contratar con esta mercantil.<\/span><\/p>\n<p><span style=\"font-weight: 400;\">De acuerdo con lo establecido en la LOPD 15\/1999 de 13 de Diciembre, le informamos que podr\u00e1 ejercitar sus Derechos de Acceso, Rectificaci\u00f3n, Oposici\u00f3n, Cancelaci\u00f3n y Portabilidad enviado un email a <\/span><a href=\"mailto:info@motoselviras.com\"><span style=\"font-weight: 400;\">info@motoselviras.com<\/span><\/a><span style=\"font-weight: 400;\"> indicando como asunto \u201cLOPD-Derechos Arco\u201d, y adjuntando fotocopia de su DNI, tal y como indica la Ley.<\/span><\/p>\n<p>\u00a0<\/p>\n<p><span style=\"font-weight: 400;\">ACEPTACI\u00d3N Y CONSENTIMIENTO<\/span><\/p>\n<p><span style=\"font-weight: 400;\">El Usuario declara haber sido informado de las condiciones sobre protecci\u00f3n de datos de car\u00e1cter personal, aceptando y consintiendo el tratamiento automatizado de los mismos por parte de nuestra empresa en la forma y para las finalidades indicadas en la presente Pol\u00edtica de Protecci\u00f3n de Datos Personales. As\u00ed mismo y de acuerdo con la Ley 34\/2002 el usuario consiente el env\u00edo de comunicaciones por medios electr\u00f3nicos o en papel.<\/span><\/p>\n<\/header><\/article>\n<\/div>\n<\/div>\n<\/article>\n<\/div>\n<\/div>\n\n\t\t<\/div>\n\t\t\t<\/div>\n\n\t\n\n\n<style>\n#row-1164107534 > .col > .col-inner {\n  padding: 30px 30px 30px 30px;\n}\n<\/style>\n<\/div>\n\n","protected":false},"excerpt":{"rendered":"","protected":false},"author":1,"featured_media":0,"parent":0,"menu_order":0,"comment_status":"closed","ping_status":"closed","template":"page-blank.php","meta":{"footnotes":""},"class_list":["post-287","page","type-page","status-publish","hentry"],"_links":{"self":[{"href":"https:\/\/motoselviras.com\/index.php?rest_route=\/wp\/v2\/pages\/287","targetHints":{"allow":["GET"]}}],"collection":[{"href":"https:\/\/motoselviras.com\/index.php?rest_route=\/wp\/v2\/pages"}],"about":[{"href":"https:\/\/motoselviras.com\/index.php?rest_route=\/wp\/v2\/types\/page"}],"author":[{"embeddable":true,"href":"https:\/\/motoselviras.com\/index.php?rest_route=\/wp\/v2\/users\/1"}],"replies":[{"embeddable":true,"href":"https:\/\/motoselviras.com\/index.php?rest_route=%2Fwp%2Fv2%2Fcomments&post=287"}],"version-history":[{"count":8,"href":"https:\/\/motoselviras.com\/index.php?rest_route=\/wp\/v2\/pages\/287\/revisions"}],"predecessor-version":[{"id":1040,"href":"https:\/\/motoselviras.com\/index.php?rest_route=\/wp\/v2\/pages\/287\/revisions\/1040"}],"wp:attachment":[{"href":"https:\/\/motoselviras.com\/index.php?rest_route=%2Fwp%2Fv2%2Fmedia&parent=287"}],"curies":[{"name":"wp","href":"https:\/\/api.w.org\/{rel}","templated":true}]}}